{"id":2,"date":"2022-11-08T18:04:32","date_gmt":"2022-11-08T18:04:32","guid":{"rendered":"https:\/\/www.fundagan.org.co\/victimas-ganaderas\/?page_id=2"},"modified":"2022-11-16T19:33:56","modified_gmt":"2022-11-16T19:33:56","slug":"pagina-ejemplo","status":"publish","type":"page","link":"https:\/\/www.fundagan.org.co\/victimas-ganaderas\/","title":{"rendered":"Inicio"},"content":{"rendered":"\n<div class=\"wp-block-getwid-section alignfull alignfull getwid-section-content-full-width\"><div class=\"wp-block-getwid-section__wrapper getwid-padding-top-none getwid-padding-bottom-none getwid-padding-left-none getwid-padding-right-none\"><div class=\"wp-block-getwid-section__inner-wrapper\"><div class=\"wp-block-getwid-section__background-holder\"><div class=\"wp-block-getwid-section__background\"><\/div><div class=\"wp-block-getwid-section__foreground\"><\/div><\/div><div class=\"wp-block-getwid-section__content\"><div class=\"wp-block-getwid-section__inner-content\"><\/div><\/div><\/div><\/div><\/div>\n\n\n\n<div class=\"wp-block-getwid-section alignfull alignfull getwid-section-content-full-width\" style=\"margin-top:-30px\"><div class=\"wp-block-getwid-section__wrapper getwid-padding-top-none getwid-padding-bottom-none getwid-padding-left-none getwid-padding-right-none\"><div class=\"wp-block-getwid-section__inner-wrapper\"><div class=\"wp-block-getwid-section__background-holder\"><div class=\"wp-block-getwid-section__background\"><\/div><div class=\"wp-block-getwid-section__foreground\"><\/div><\/div><div class=\"wp-block-getwid-section__content\"><div class=\"wp-block-getwid-section__inner-content\"><\/div><\/div><\/div><\/div><\/div>\n\n\n\n<div class=\"wp-block-getwid-section alignfull alignfull getwid-section-content-custom-width\" style=\"margin-top:-30px\"><div class=\"wp-block-getwid-section__wrapper\" style=\"min-height:500px\"><div class=\"wp-block-getwid-section__inner-wrapper\" style=\"max-width:700px\"><div class=\"wp-block-getwid-section__background-holder\"><div class=\"wp-block-getwid-section__background\" style=\"background-image:url('https:\/\/www.fundagan.org.co\/victimas-ganaderas\/wp-content\/uploads\/2022\/11\/banner-victimas-ganaderas-1.jpg')\"><div class=\"wp-block-getwid-section__background-image-wrapper\"><img decoding=\"async\" class=\"wp-block-getwid-section__background-image\" src=\"https:\/\/www.fundagan.org.co\/victimas-ganaderas\/wp-content\/uploads\/2022\/11\/banner-victimas-ganaderas-1.jpg\" alt=\"\"\/><\/div><\/div><div class=\"wp-block-getwid-section__foreground\"><\/div><\/div><div class=\"wp-block-getwid-section__content\"><div class=\"wp-block-getwid-section__inner-content\">\n<div class=\"wp-block-stackable-image stk-block-image stk-block stk-8fca745\" data-block-id=\"8fca745\"><style>.stk-8fca745 .stk-img-wrapper{width:50% !important}@media screen and (max-width:767px){.stk-8fca745 .stk-img-wrapper{width:80% !important}}<\/style><figure class=\"stk-img-wrapper stk-image--shape-stretch\"><img loading=\"lazy\" decoding=\"async\" class=\"stk-img wp-image-29\" src=\"https:\/\/www.fundagan.org.co\/victimas-ganaderas\/wp-content\/uploads\/2022\/11\/LOGO-VICTIMAS-GANADERAS.svg\" width=\"50\" height=\"300\" alt=\"logo v\u00edctimas ganaderas\"\/><\/figure><\/div>\n\n\n\n<div class=\"wp-block-stackable-heading stk-block-heading stk-block stk-a11170c\" id=\"las-victimas-ganaderas-de-la-violencia-tienen-derecho-a-la-verdad-la-justicia-y-la-reparacion\" data-block-id=\"a11170c\"><style>.stk-a11170c .stk-block-heading__text{font-size:1.5em !important;margin:0 !important;color:var(--theme-palette-color-2,#3D1700) !important;line-height:1.2em !important;font-weight:800 !important}@media screen and (max-width:1023px){.stk-a11170c .stk-block-heading__text{font-size:1.5em !important}}@media screen and (max-width:767px){.stk-a11170c .stk-block-heading__text{font-size:1em !important}}<\/style><h2 class=\"stk-block-heading__text has-text-color has-text-align-center\">Las v\u00edctimas ganaderas de la violencia tienen derecho a la verdad, la justicia y la reparaci\u00f3n.<\/h2><\/div>\n<\/div><\/div><\/div><\/div><\/div>\n\n\n\n<div class=\"wp-block-getwid-section alignfull alignfull getwid-section-content-custom-width\"><div class=\"wp-block-getwid-section__wrapper\"><div class=\"wp-block-getwid-section__inner-wrapper\" style=\"max-width:1100px\"><div class=\"wp-block-getwid-section__background-holder\"><div class=\"wp-block-getwid-section__background\"><\/div><div class=\"wp-block-getwid-section__foreground\"><\/div><\/div><div class=\"wp-block-getwid-section__content\"><div class=\"wp-block-getwid-section__inner-content\">\n<div class=\"wp-block-stackable-columns stk-block-columns stk-block stk-bbcee7f\" data-block-id=\"bbcee7f\"><style>.stk-bbcee7f-column{--stk-column-gap:40px !important}<\/style><div class=\"stk-row stk-inner-blocks stk-block-content stk-content-align stk-bbcee7f-column\">\n<div class=\"wp-block-stackable-column stk-block-column stk-block-column--v2 stk-column stk-block stk-dcc1d34\" data-block-id=\"dcc1d34\"><div class=\"stk-column-wrapper stk-block-column__content stk-container stk-dcc1d34-container stk--no-background stk--no-padding\"><div class=\"stk-block-content stk-inner-blocks stk-dcc1d34-inner-blocks\">\n<div class=\"wp-block-stackable-image stk-block-image stk-block stk-3544a0e\" data-block-id=\"3544a0e\"><figure class=\"stk-img-wrapper stk-image--shape-stretch\"><img loading=\"lazy\" decoding=\"async\" class=\"stk-img wp-image-212\" src=\"https:\/\/www.fundagan.org.co\/victimas-ganaderas\/wp-content\/uploads\/2022\/11\/img-inicio.png\" width=\"800\" height=\"600\" srcset=\"https:\/\/www.fundagan.org.co\/victimas-ganaderas\/wp-content\/uploads\/2022\/11\/img-inicio.png 800w, https:\/\/www.fundagan.org.co\/victimas-ganaderas\/wp-content\/uploads\/2022\/11\/img-inicio-300x225.png 300w, https:\/\/www.fundagan.org.co\/victimas-ganaderas\/wp-content\/uploads\/2022\/11\/img-inicio-768x576.png 768w\" sizes=\"auto, (max-width: 800px) 100vw, 800px\" \/><\/figure><\/div>\n<\/div><\/div><\/div>\n\n\n\n<div class=\"wp-block-stackable-column stk-block-column stk-block-column--v2 stk-column stk-block stk-5b95374\" data-block-id=\"5b95374\"><style>.stk-5b95374{align-self:center !important}<\/style><div class=\"stk-column-wrapper stk-block-column__content stk-container stk-5b95374-container stk--no-background stk--no-padding\"><div class=\"stk-block-content stk-inner-blocks stk-5b95374-inner-blocks\">\n<div class=\"wp-block-stackable-image stk-block-image stk-block stk-12c3d9a\" data-block-id=\"12c3d9a\"><figure class=\"stk-img-wrapper stk-image--shape-stretch\"><img loading=\"lazy\" decoding=\"async\" class=\"stk-img wp-image-288\" src=\"https:\/\/www.fundagan.org.co\/victimas-ganaderas\/wp-content\/uploads\/2022\/11\/logo-fundagan-1.svg\" width=\"150\" height=\"300\" alt=\"logo fundagan\"\/><\/figure><\/div>\n\n\n\n<div class=\"wp-block-stackable-subtitle stk-block-subtitle stk-block stk-ad3ebb0\" data-block-id=\"ad3ebb0\"><style>.stk-ad3ebb0 .stk-block-subtitle__text{font-size:18px !important}@media screen and (max-width:1023px){.stk-ad3ebb0 .stk-block-subtitle__text{font-size:18px !important}}<\/style><p class=\"stk-block-subtitle__text stk-subtitle\"><strong><span style=\"color: var(--theme-palette-color-1, #FF7600);\" class=\"stk-highlight\">FUNDAG\u00c1N<\/span><\/strong> propende por la reconstrucci\u00f3n de la memoria hist\u00f3rica de las v\u00edctimas de la violencia en el sector ganadero colombiano, no s\u00f3lo con el fin de hacerlas visibles ante la comunidad ganadera, la sociedad colombiana y la comunidad internacional, sino para revindicar sus derechos de verdad, la justicia y la reparaci\u00f3n en las instancias nacionales o internacionales que correspondan.<\/p><\/div>\n<\/div><\/div><\/div>\n<\/div><\/div>\n<\/div><\/div><\/div><\/div><\/div>\n","protected":false},"excerpt":{"rendered":"","protected":false},"author":1,"featured_media":0,"parent":0,"menu_order":0,"comment_status":"closed","ping_status":"open","template":"","meta":{"footnotes":""},"class_list":["post-2","page","type-page","status-publish","hentry"],"blocksy_meta":{"styles_descriptor":{"styles":{"desktop":"","tablet":"","mobile":""},"google_fonts":[],"version":5},"page_title_panel":"","has_hero_section":"disabled","b247cf9f9f9995b048cd43417010dc40":"","hero_section":"type-1","hero_elements":[{"id":"custom_title","enabled":true,"heading_tag":"h1","title":"Inicio"},{"id":"custom_description","enabled":true,"description_visibility":{"desktop":true,"tablet":true,"mobile":false}},{"id":"custom_meta","enabled":false,"meta_elements":[{"id":"author","enabled":true,"label":"Por","has_author_avatar":"yes","avatar_size":25},{"id":"post_date","enabled":true,"label":"El","date_format_source":"default","date_format":"M j, Y"},{"id":"updated_date","enabled":false,"label":"El","date_format_source":"default","date_format":"M j, Y"},{"id":"categories","enabled":false,"label":"Dentro","style":"simple"},{"id":"comments","enabled":true}],"page_meta_elements":{"joined":true,"articles_count":true,"comments":true}},{"id":"breadcrumbs","enabled":false}],"4402dd8ed97f27770e68842dc87a14dd":"","hero_alignment1":"CT_CSS_SKIP_RULE","hero_margin":40,"hero_alignment2":"center","hero_vertical_alignment":"center","971c73a9df26f3f8f56f3070c1e045d7":"","hero_structure":"narrow","4b3c1388cc19aa9942a24ffb27e65a04":"","page_title_bg_type":"featured_image","custom_hero_background":{"attachment_id":null},"page_title_image_size":"full","parallax":{"desktop":false,"tablet":false,"mobile":false},"14fc4e0f2a0f79e1b1b3159631fdab5c":"","hero_height":"250px","pageTitleFont":{"family":"Default","variation":"Default","size":"30px","line-height":"CT_CSS_SKIP_RULE","letter-spacing":"CT_CSS_SKIP_RULE","text-transform":"CT_CSS_SKIP_RULE","text-decoration":"CT_CSS_SKIP_RULE"},"pageTitleFontColor":{"default":{"color":"CT_CSS_SKIP_RULEDEFAULT"}},"pageMetaFont":{"family":"Default","variation":"n6","size":"12px","line-height":"1.3","letter-spacing":"CT_CSS_SKIP_RULE","text-transform":"uppercase","text-decoration":"CT_CSS_SKIP_RULE"},"pageMetaFontColor":{"default":{"color":"CT_CSS_SKIP_RULEDEFAULT"},"hover":{"color":"CT_CSS_SKIP_RULEDEFAULT"}},"page_meta_button_type_font_colors":{"default":{"color":"CT_CSS_SKIP_RULEDEFAULT"},"hover":{"color":"CT_CSS_SKIP_RULEDEFAULT"}},"page_meta_button_type_background_colors":{"default":{"color":"CT_CSS_SKIP_RULEDEFAULT"},"hover":{"color":"CT_CSS_SKIP_RULEDEFAULT"}},"pageExcerptFont":{"family":"Default","variation":"Default","size":"CT_CSS_SKIP_RULE","line-height":"CT_CSS_SKIP_RULE","letter-spacing":"CT_CSS_SKIP_RULE","text-transform":"CT_CSS_SKIP_RULE","text-decoration":"CT_CSS_SKIP_RULE"},"pageExcerptColor":{"default":{"color":"CT_CSS_SKIP_RULEDEFAULT"}},"breadcrumbsFont":{"family":"Default","variation":"Default","size":"CT_CSS_SKIP_RULE","line-height":"CT_CSS_SKIP_RULE","letter-spacing":"CT_CSS_SKIP_RULE","text-transform":"CT_CSS_SKIP_RULE","text-decoration":"CT_CSS_SKIP_RULE"},"breadcrumbsFontColor":{"default":{"color":"CT_CSS_SKIP_RULEDEFAULT"},"initial":{"color":"CT_CSS_SKIP_RULEDEFAULT"},"hover":{"color":"CT_CSS_SKIP_RULEDEFAULT"}},"pageTitleOverlay":{"background_type":"color","background_pattern":"type-1","background_image":{"attachment_id":null,"x":0,"y":0},"gradient":"linear-gradient(135deg,rgba(6,147,227,1) 0%,rgb(155,81,224) 100%)","background_repeat":"repeat","background_size":"auto","background_attachment":"scroll","patternColor":{"default":{"color":"#e5e7ea"}},"overlayColor":{"default":{"color":"CT_CSS_SKIP_RULE"}},"backgroundColor":{"default":{"color":"CT_CSS_SKIP_RULE"}}},"pageTitleBackground":{"background_type":"color","background_pattern":"type-1","background_image":{"attachment_id":null,"x":0,"y":0},"gradient":"linear-gradient(135deg,rgba(6,147,227,1) 0%,rgb(155,81,224) 100%)","background_repeat":"repeat","background_size":"auto","background_attachment":"scroll","patternColor":{"default":{"color":"#e5e7ea"}},"overlayColor":{"default":{"color":"CT_CSS_SKIP_RULE"}},"backgroundColor":{"default":{"color":"var(--theme-palette-color-6)"}}},"pageTitlePadding":{"top":"50px","bottom":"50px","left":"auto","right":"auto","linked":true},"bdcb1a7f4908b6a42d3fc2427516438d":"","page_structure_type":"default","5936aea426979ba974b103c1102ea7ba":"","content_style_source":"inherit","content_style":"wide","vertical_spacing_source":"custom","content_area_spacing":"bottom","background":{"background_type":"color","background_pattern":"type-1","background_image":{"attachment_id":null,"x":0,"y":0},"gradient":"linear-gradient(135deg,rgba(6,147,227,1) 0%,rgb(155,81,224) 100%)","background_repeat":"repeat","background_size":"auto","background_attachment":"scroll","patternColor":{"default":{"color":"#e5e7ea"}},"overlayColor":{"default":{"color":"CT_CSS_SKIP_RULE"}},"backgroundColor":{"default":{"color":"CT_CSS_SKIP_RULE"}}},"content_background":{"background_type":"color","background_pattern":"type-1","background_image":{"attachment_id":null,"x":0,"y":0},"gradient":"linear-gradient(135deg,rgba(6,147,227,1) 0%,rgb(155,81,224) 100%)","background_repeat":"repeat","background_size":"auto","background_attachment":"scroll","patternColor":{"default":{"color":"#e5e7ea"}},"overlayColor":{"default":{"color":"CT_CSS_SKIP_RULE"}},"backgroundColor":{"default":{"color":"var(--theme-palette-color-8)"}}},"content_boxed_shadow":{"inherit":false,"blur":18,"spread":-6,"v_offset":12,"h_offset":0,"inset":false,"enable":true,"color":{"color":"rgba(34, 56, 101, 0.04)"}},"content_boxed_border":{"width":1,"style":"none","color":{"color":"rgba(44,62,80,0.2)"}},"content_boxed_radius":{"top":"3px","bottom":"3px","left":"3px","right":"3px","linked":true},"boxed_content_spacing":{"desktop":{"top":"40px","bottom":"40px","left":"40px","right":"40px","linked":true},"tablet":{"top":"35px","bottom":"35px","left":"35px","right":"35px","linked":true},"mobile":{"top":"20px","bottom":"20px","left":"20px","right":"20px","linked":true}},"9379ce8eb990ffe5e04a64e5625756e5":"","disable_featured_image":"no","disable_share_box":"no","disable_header":"no","disable_footer":"no","ba037363badc7ca7a83287d7fa57c688":"","a283dfd034261b423996e6ef216af056":"","85e38df76b6139440255a590966c2179":"","c91ab643722c146b8e738a271af0821c":"","07e520e6452883213e4cdf409ce4aecd":"","d91e31429ed7b25dc6270c75dfb0e700":"","9c1afcee4889184dc5a2474174771c18":"","b7fc0450312295af5a44db9d51a8a74f":""},"featured_image_urls":{"full":"","thumbnail":"","medium":"","medium_large":"","large":"","1536x1536":"","2048x2048":""},"post_excerpt_stackable":"<p>Las v\u00edctimas ganaderas de la violencia tienen derecho a la verdad, la justicia y la reparaci\u00f3n. FUNDAG\u00c1N propende por la reconstrucci\u00f3n de la memoria hist\u00f3rica de las v\u00edctimas de la violencia en el sector ganadero colombiano, no s\u00f3lo con el fin de hacerlas visibles ante la comunidad ganadera, la sociedad colombiana y la comunidad internacional, sino para revindicar sus derechos de verdad, la justicia y la reparaci\u00f3n en las instancias nacionales o internacionales que correspondan.<\/p>\n","category_list":"","author_info":{"name":"vgMaster","url":"https:\/\/www.fundagan.org.co\/victimas-ganaderas\/author\/vgmaster\/"},"comments_num":"0 comentarios","_links":{"self":[{"href":"https:\/\/www.fundagan.org.co\/victimas-ganaderas\/wp-json\/wp\/v2\/pages\/2","targetHints":{"allow":["GET"]}}],"collection":[{"href":"https:\/\/www.fundagan.org.co\/victimas-ganaderas\/wp-json\/wp\/v2\/pages"}],"about":[{"href":"https:\/\/www.fundagan.org.co\/victimas-ganaderas\/wp-json\/wp\/v2\/types\/page"}],"author":[{"embeddable":true,"href":"https:\/\/www.fundagan.org.co\/victimas-ganaderas\/wp-json\/wp\/v2\/users\/1"}],"replies":[{"embeddable":true,"href":"https:\/\/www.fundagan.org.co\/victimas-ganaderas\/wp-json\/wp\/v2\/comments?post=2"}],"version-history":[{"count":28,"href":"https:\/\/www.fundagan.org.co\/victimas-ganaderas\/wp-json\/wp\/v2\/pages\/2\/revisions"}],"predecessor-version":[{"id":346,"href":"https:\/\/www.fundagan.org.co\/victimas-ganaderas\/wp-json\/wp\/v2\/pages\/2\/revisions\/346"}],"wp:attachment":[{"href":"https:\/\/www.fundagan.org.co\/victimas-ganaderas\/wp-json\/wp\/v2\/media?parent=2"}],"curies":[{"name":"wp","href":"https:\/\/api.w.org\/{rel}","templated":true}]}}